{"id":2768,"date":"2025-04-04T14:30:49","date_gmt":"2025-04-04T12:30:49","guid":{"rendered":"https:\/\/marketandco.fr\/?page_id=2768"},"modified":"2025-05-22T16:12:52","modified_gmt":"2025-05-22T14:12:52","slug":"prospection","status":"publish","type":"page","link":"https:\/\/marketandco.fr\/en\/prospection\/","title":{"rendered":"Prospecting"},"content":{"rendered":"<div data-elementor-type=\"wp-page\" data-elementor-id=\"2768\" class=\"elementor elementor-2768\">\n\t\t\t\t<div class=\"elementor-element elementor-element-acf10c7 e-con-full hero e-flex e-con e-parent\" data-id=\"acf10c7\" data-element_type=\"container\" data-settings=\"{&quot;background_background&quot;:&quot;classic&quot;}\">\n\t\t<div class=\"elementor-element elementor-element-0238fb9 e-con-full e-flex e-con e-child\" data-id=\"0238fb9\" data-element_type=\"container\">\n\t\t<div class=\"elementor-element elementor-element-68fa158 e-con-full elementor-hidden-tablet elementor-hidden-mobile e-flex e-con e-child\" data-id=\"68fa158\" data-element_type=\"container\">\n\t\t\t\t<div class=\"elementor-element elementor-element-3828f2a elementor-invisible elementor-widget elementor-widget-button\" data-id=\"3828f2a\" data-element_type=\"widget\" data-settings=\"{&quot;_animation&quot;:&quot;fadeInLeft&quot;}\" data-widget_type=\"button.default\">\n\t\t\t\t<div class=\"elementor-widget-container\">\n\t\t\t\t\t\t\t\t\t<div class=\"elementor-button-wrapper\">\n\t\t\t\t\t<a class=\"elementor-button elementor-button-link elementor-size-sm\" href=\"https:\/\/marketandco.fr\/en\/services\/\">\n\t\t\t\t\t\t<span class=\"elementor-button-content-wrapper\">\n\t\t\t\t\t\t\t\t\t<span class=\"elementor-button-text\">Services<\/span>\n\t\t\t\t\t<\/span>\n\t\t\t\t\t<\/a>\n\t\t\t\t<\/div>\n\t\t\t\t\t\t\t\t<\/div>\n\t\t\t\t<\/div>\n\t\t\t\t<div class=\"elementor-element elementor-element-60fbde6 elementor-invisible elementor-widget elementor-widget-button\" data-id=\"60fbde6\" data-element_type=\"widget\" data-settings=\"{&quot;_animation_delay&quot;:50,&quot;_animation&quot;:&quot;fadeInLeft&quot;}\" data-widget_type=\"button.default\">\n\t\t\t\t<div class=\"elementor-widget-container\">\n\t\t\t\t\t\t\t\t\t<div class=\"elementor-button-wrapper\">\n\t\t\t\t\t<a class=\"elementor-button elementor-button-link elementor-size-sm\" href=\"https:\/\/marketandco.fr\/en\/design\/\">\n\t\t\t\t\t\t<span class=\"elementor-button-content-wrapper\">\n\t\t\t\t\t\t\t\t\t<span class=\"elementor-button-text\">Design<\/span>\n\t\t\t\t\t<\/span>\n\t\t\t\t\t<\/a>\n\t\t\t\t<\/div>\n\t\t\t\t\t\t\t\t<\/div>\n\t\t\t\t<\/div>\n\t\t\t\t<div class=\"elementor-element elementor-element-111cae9 elementor-invisible elementor-widget elementor-widget-button\" data-id=\"111cae9\" data-element_type=\"widget\" data-settings=\"{&quot;_animation_delay&quot;:100,&quot;_animation&quot;:&quot;fadeInLeft&quot;}\" data-widget_type=\"button.default\">\n\t\t\t\t<div class=\"elementor-widget-container\">\n\t\t\t\t\t\t\t\t\t<div class=\"elementor-button-wrapper\">\n\t\t\t\t\t<a class=\"elementor-button elementor-button-link elementor-size-sm\" href=\"https:\/\/marketandco.fr\/en\/marketing\/\">\n\t\t\t\t\t\t<span class=\"elementor-button-content-wrapper\">\n\t\t\t\t\t\t\t\t\t<span class=\"elementor-button-text\">Marketing<\/span>\n\t\t\t\t\t<\/span>\n\t\t\t\t\t<\/a>\n\t\t\t\t<\/div>\n\t\t\t\t\t\t\t\t<\/div>\n\t\t\t\t<\/div>\n\t\t\t\t<div class=\"elementor-element elementor-element-9b96e3d elementor-invisible elementor-widget elementor-widget-button\" data-id=\"9b96e3d\" data-element_type=\"widget\" data-settings=\"{&quot;_animation_delay&quot;:200,&quot;_animation&quot;:&quot;fadeInLeft&quot;}\" data-widget_type=\"button.default\">\n\t\t\t\t<div class=\"elementor-widget-container\">\n\t\t\t\t\t\t\t\t\t<div class=\"elementor-button-wrapper\">\n\t\t\t\t\t<a class=\"elementor-button elementor-button-link elementor-size-sm\" href=\"#Prospection\">\n\t\t\t\t\t\t<span class=\"elementor-button-content-wrapper\">\n\t\t\t\t\t\t\t\t\t<span class=\"elementor-button-text\">Prospecting<\/span>\n\t\t\t\t\t<\/span>\n\t\t\t\t\t<\/a>\n\t\t\t\t<\/div>\n\t\t\t\t\t\t\t\t<\/div>\n\t\t\t\t<\/div>\n\t\t\t\t<\/div>\n\t\t<div class=\"elementor-element elementor-element-cd8b988 e-con-full e-flex e-con e-child\" data-id=\"cd8b988\" data-element_type=\"container\">\n\t\t<div class=\"elementor-element elementor-element-b51581c e-con-full e-flex elementor-invisible e-con e-child\" data-id=\"b51581c\" data-element_type=\"container\" data-settings=\"{&quot;animation&quot;:&quot;fadeInUp&quot;}\">\n\t\t\t\t<div class=\"elementor-element elementor-element-3ca19e8 elementor-widget elementor-widget-heading\" data-id=\"3ca19e8\" data-element_type=\"widget\" data-widget_type=\"heading.default\">\n\t\t\t\t<div class=\"elementor-widget-container\">\n\t\t\t\t\t<h2 class=\"elementor-heading-title elementor-size-default\">Our services<\/h2>\t\t\t\t<\/div>\n\t\t\t\t<\/div>\n\t\t\t\t<div class=\"elementor-element elementor-element-c069649 icon elementor-view-default elementor-widget elementor-widget-icon\" data-id=\"c069649\" data-element_type=\"widget\" data-widget_type=\"icon.default\">\n\t\t\t\t<div class=\"elementor-widget-container\">\n\t\t\t\t\t\t\t<div class=\"elementor-icon-wrapper\">\n\t\t\t<div class=\"elementor-icon\">\n\t\t\t<svg xmlns=\"http:\/\/www.w3.org\/2000\/svg\" width=\"257\" height=\"203\" viewbox=\"0 0 257 203\" fill=\"none\"><path d=\"M0 194.561C0 142.971 42.9311 101.151 95.8933 101.151L256.938 101.151C167.569 115.529 138.605 158.096 121.704 202.313L7.95739 202.313C2.65246 202.313 0 199.729 0 194.561Z\" fill=\"#B7B7B7\"><\/path><path d=\"M-3.38462e-07 7.74311C-2.59356e-06 59.3337 42.9311 101.153 95.8933 101.153L256.938 101.153C167.569 86.7753 138.605 44.2088 121.704 -5.31986e-06L7.95739 -3.47828e-07C2.65246 -1.15943e-07 -1.1294e-07 2.58377 -3.38821e-07 7.75132L-3.38462e-07 7.74311Z\" fill=\"#B7B7B7\"><\/path><\/svg>\t\t\t<\/div>\n\t\t<\/div>\n\t\t\t\t\t\t<\/div>\n\t\t\t\t<\/div>\n\t\t\t\t<\/div>\n\t\t\t\t<div class=\"elementor-element elementor-element-34e6ff9 elementor-invisible elementor-widget elementor-widget-highlighted-text\" data-id=\"34e6ff9\" data-element_type=\"widget\" data-settings=\"{&quot;_animation&quot;:&quot;fadeInUp&quot;}\" data-widget_type=\"highlighted-text.default\">\n\t\t\t\t<div class=\"elementor-widget-container\">\n\t\t\t\t\t        <h2 class=\"ui-e--highlighted-text\">\n            <span class=\"ui-e-headline-text elementor-repeater-item-d46b67b\">Prospecting<\/span>        <\/h2>\n    \t\t\t\t<\/div>\n\t\t\t\t<\/div>\n\t\t<div class=\"elementor-element elementor-element-0c76744 e-con-full e-flex e-con e-child\" data-id=\"0c76744\" data-element_type=\"container\">\n\t\t\t\t<div class=\"elementor-element elementor-element-e767e82 ui-splitby-words  ui-split-animate elementor-invisible elementor-widget elementor-widget-highlighted-text\" data-id=\"e767e82\" data-element_type=\"widget\" data-settings=\"{&quot;ui_animate_split_by&quot;:&quot;words&quot;,&quot;_animation&quot;:&quot;fadeInUp&quot;,&quot;ui_animate_split&quot;:&quot;ui-split-animate&quot;,&quot;ui_animate_split_style&quot;:&quot;fadeInUp&quot;}\" data-widget_type=\"highlighted-text.default\">\n\t\t\t\t<div class=\"elementor-widget-container\">\n\t\t\t\t\t        <h2 class=\"ui-e--highlighted-text\">\n            <span class=\"ui-e-headline-text elementor-repeater-item-d46b67b\">Conversion assets<\/span>        <\/h2>\n    \t\t\t\t<\/div>\n\t\t\t\t<\/div>\n\t\t\t\t<div class=\"elementor-element elementor-element-f351624 elementor-invisible elementor-widget elementor-widget-heading\" data-id=\"f351624\" data-element_type=\"widget\" data-settings=\"{&quot;_animation_delay&quot;:300,&quot;_animation&quot;:&quot;fadeInUp&quot;}\" data-widget_type=\"heading.default\">\n\t\t\t\t<div class=\"elementor-widget-container\">\n\t\t\t\t\t<h2 class=\"elementor-heading-title elementor-size-default\">Conversion assets are strategic tools such as landing pages or e-books, designed to capture your prospects attention.<br><br>They encourage your prospects to take action, increase your conversion rates and turn your visitors into qualified opportunities.<\/h2>\t\t\t\t<\/div>\n\t\t\t\t<\/div>\n\t\t\t\t<\/div>\n\t\t<div class=\"elementor-element elementor-element-4e58fdd e-con-full elementor-hidden-desktop e-flex elementor-invisible e-con e-child\" data-id=\"4e58fdd\" data-element_type=\"container\" data-settings=\"{&quot;background_background&quot;:&quot;classic&quot;,&quot;animation&quot;:&quot;fadeInUp&quot;}\">\n\t\t<div class=\"elementor-element elementor-element-1fb13cb e-con-full e-flex e-con e-child\" data-id=\"1fb13cb\" data-element_type=\"container\">\n\t\t<div class=\"elementor-element elementor-element-9cfa059 e-con-full e-flex e-con e-child\" data-id=\"9cfa059\" data-element_type=\"container\" data-settings=\"{&quot;background_background&quot;:&quot;classic&quot;}\">\n\t\t\t\t<div class=\"elementor-element elementor-element-6a6aa3d elementor-widget__width-inherit elementor-widget elementor-widget-heading\" data-id=\"6a6aa3d\" data-element_type=\"widget\" data-widget_type=\"heading.default\">\n\t\t\t\t<div class=\"elementor-widget-container\">\n\t\t\t\t\t<h2 class=\"elementor-heading-title elementor-size-default\">instagram<\/h2>\t\t\t\t<\/div>\n\t\t\t\t<\/div>\n\t\t\t\t<\/div>\n\t\t\t\t<\/div>\n\t\t\t\t<\/div>\n\t\t<div class=\"elementor-element elementor-element-54f99d7 e-con-full e-flex e-con e-child\" data-id=\"54f99d7\" data-element_type=\"container\">\n\t\t\t\t<div class=\"elementor-element elementor-element-9c8e291 ui-splitby-words  ui-split-animate elementor-invisible elementor-widget elementor-widget-highlighted-text\" data-id=\"9c8e291\" data-element_type=\"widget\" data-settings=\"{&quot;ui_animate_split_by&quot;:&quot;words&quot;,&quot;_animation&quot;:&quot;fadeInUp&quot;,&quot;ui_animate_split&quot;:&quot;ui-split-animate&quot;,&quot;ui_animate_split_style&quot;:&quot;fadeInUp&quot;}\" data-widget_type=\"highlighted-text.default\">\n\t\t\t\t<div class=\"elementor-widget-container\">\n\t\t\t\t\t        <h2 class=\"ui-e--highlighted-text\">\n            <span class=\"ui-e-headline-text elementor-repeater-item-d46b67b\">Lead creation<\/span>        <\/h2>\n    \t\t\t\t<\/div>\n\t\t\t\t<\/div>\n\t\t\t\t<div class=\"elementor-element elementor-element-14942af elementor-invisible elementor-widget elementor-widget-heading\" data-id=\"14942af\" data-element_type=\"widget\" data-settings=\"{&quot;_animation_delay&quot;:300,&quot;_animation&quot;:&quot;fadeInUp&quot;}\" data-widget_type=\"heading.default\">\n\t\t\t\t<div class=\"elementor-widget-container\">\n\t\t\t\t\t<h2 class=\"elementor-heading-title elementor-size-default\">Lead generation is a targeted process to attract and qualify prospects through tailored advertising campaigns and marketing actions.<br><br>It ensures a steady flow of engaged prospects, ready to be converted into customers, to consistently fuel your sales pipeline.<\/h2>\t\t\t\t<\/div>\n\t\t\t\t<\/div>\n\t\t\t\t<\/div>\n\t\t<div class=\"elementor-element elementor-element-faada96 e-con-full e-flex e-con e-child\" data-id=\"faada96\" data-element_type=\"container\">\n\t\t\t\t<div class=\"elementor-element elementor-element-b384467 ui-splitby-words  ui-split-animate elementor-invisible elementor-widget elementor-widget-highlighted-text\" data-id=\"b384467\" data-element_type=\"widget\" data-settings=\"{&quot;ui_animate_split_by&quot;:&quot;words&quot;,&quot;_animation&quot;:&quot;fadeInUp&quot;,&quot;ui_animate_split&quot;:&quot;ui-split-animate&quot;,&quot;ui_animate_split_style&quot;:&quot;fadeInUp&quot;}\" data-widget_type=\"highlighted-text.default\">\n\t\t\t\t<div class=\"elementor-widget-container\">\n\t\t\t\t\t        <h2 class=\"ui-e--highlighted-text\">\n            <span class=\"ui-e-headline-text elementor-repeater-item-d46b67b\">CRM<\/span>        <\/h2>\n    \t\t\t\t<\/div>\n\t\t\t\t<\/div>\n\t\t\t\t<div class=\"elementor-element elementor-element-034fe94 elementor-invisible elementor-widget elementor-widget-heading\" data-id=\"034fe94\" data-element_type=\"widget\" data-settings=\"{&quot;_animation_delay&quot;:300,&quot;_animation&quot;:&quot;fadeInUp&quot;}\" data-widget_type=\"heading.default\">\n\t\t\t\t<div class=\"elementor-widget-container\">\n\t\t\t\t\t<h2 class=\"elementor-heading-title elementor-size-default\">CRM (Customer Relationship Management) is a solution that centralizes all your customer and prospect data to optimize interactions and drive sales.<br><br>It enables simplified tracking, greater personalization of your approach, and enhanced sales efficiency.<br><br>Successful prospecting starts with a strong marketing strategy.<\/h2>\t\t\t\t<\/div>\n\t\t\t\t<\/div>\n\t\t\t\t<\/div>\n\t\t\t\t<\/div>\n\t\t<div class=\"elementor-element elementor-element-ae8538b e-con-full elementor-hidden-desktop e-flex elementor-invisible e-con e-child\" data-id=\"ae8538b\" data-element_type=\"container\" data-settings=\"{&quot;background_background&quot;:&quot;classic&quot;,&quot;animation_delay&quot;:300,&quot;animation&quot;:&quot;fadeInUp&quot;}\">\n\t\t<div class=\"elementor-element elementor-element-78c0ef7 e-con-full e-flex e-con e-child\" data-id=\"78c0ef7\" data-element_type=\"container\">\n\t\t<div class=\"elementor-element elementor-element-3e916fd e-con-full e-flex e-con e-child\" data-id=\"3e916fd\" data-element_type=\"container\" data-settings=\"{&quot;background_background&quot;:&quot;classic&quot;}\">\n\t\t\t\t<div class=\"elementor-element elementor-element-1de428b elementor-widget__width-inherit elementor-widget elementor-widget-heading\" data-id=\"1de428b\" data-element_type=\"widget\" data-widget_type=\"heading.default\">\n\t\t\t\t<div class=\"elementor-widget-container\">\n\t\t\t\t\t<h2 class=\"elementor-heading-title elementor-size-default\">case<\/h2>\t\t\t\t<\/div>\n\t\t\t\t<\/div>\n\t\t\t\t<\/div>\n\t\t\t\t<\/div>\n\t\t\t\t<\/div>\n\t\t\t\t<div class=\"elementor-element elementor-element-58e185c elementor-widget elementor-widget-menu-anchor\" data-id=\"58e185c\" data-element_type=\"widget\" data-widget_type=\"menu-anchor.default\">\n\t\t\t\t<div class=\"elementor-widget-container\">\n\t\t\t\t\t\t\t<div class=\"elementor-menu-anchor\" id=\"Prospection\"><\/div>\n\t\t\t\t\t\t<\/div>\n\t\t\t\t<\/div>\n\t\t<div class=\"elementor-element elementor-element-250dbe7 e-con-full elementor-hidden-desktop e-flex e-con e-child\" data-id=\"250dbe7\" data-element_type=\"container\">\n\t\t\t\t<div class=\"elementor-element elementor-element-61a3e6d elementor-widget elementor-widget-button\" data-id=\"61a3e6d\" data-element_type=\"widget\" data-widget_type=\"button.default\">\n\t\t\t\t<div class=\"elementor-widget-container\">\n\t\t\t\t\t\t\t\t\t<div class=\"elementor-button-wrapper\">\n\t\t\t\t\t<a class=\"elementor-button elementor-button-link elementor-size-sm\" href=\"https:\/\/marketandco.fr\/en\/services\/\">\n\t\t\t\t\t\t<span class=\"elementor-button-content-wrapper\">\n\t\t\t\t\t\t\t\t\t<span class=\"elementor-button-text\">Services<\/span>\n\t\t\t\t\t<\/span>\n\t\t\t\t\t<\/a>\n\t\t\t\t<\/div>\n\t\t\t\t\t\t\t\t<\/div>\n\t\t\t\t<\/div>\n\t\t\t\t<div class=\"elementor-element elementor-element-8a4a135 elementor-widget elementor-widget-button\" data-id=\"8a4a135\" data-element_type=\"widget\" data-widget_type=\"button.default\">\n\t\t\t\t<div class=\"elementor-widget-container\">\n\t\t\t\t\t\t\t\t\t<div class=\"elementor-button-wrapper\">\n\t\t\t\t\t<a class=\"elementor-button elementor-button-link elementor-size-sm\" href=\"https:\/\/marketandco.fr\/en\/design\/\">\n\t\t\t\t\t\t<span class=\"elementor-button-content-wrapper\">\n\t\t\t\t\t\t\t\t\t<span class=\"elementor-button-text\">Design<\/span>\n\t\t\t\t\t<\/span>\n\t\t\t\t\t<\/a>\n\t\t\t\t<\/div>\n\t\t\t\t\t\t\t\t<\/div>\n\t\t\t\t<\/div>\n\t\t\t\t<div class=\"elementor-element elementor-element-8074025 elementor-widget elementor-widget-button\" data-id=\"8074025\" data-element_type=\"widget\" data-widget_type=\"button.default\">\n\t\t\t\t<div class=\"elementor-widget-container\">\n\t\t\t\t\t\t\t\t\t<div class=\"elementor-button-wrapper\">\n\t\t\t\t\t<a class=\"elementor-button elementor-button-link elementor-size-sm\" href=\"https:\/\/marketandco.fr\/en\/marketing\/\">\n\t\t\t\t\t\t<span class=\"elementor-button-content-wrapper\">\n\t\t\t\t\t\t\t\t\t<span class=\"elementor-button-text\">Marketing<\/span>\n\t\t\t\t\t<\/span>\n\t\t\t\t\t<\/a>\n\t\t\t\t<\/div>\n\t\t\t\t\t\t\t\t<\/div>\n\t\t\t\t<\/div>\n\t\t\t\t<\/div>\n\t\t\t\t<\/div>\n\t\t<div class=\"elementor-element elementor-element-bd82fe2 e-con-full scroller elementor-hidden-tablet elementor-hidden-mobile e-flex e-con e-child\" data-id=\"bd82fe2\" data-element_type=\"container\">\n\t\t<div data-bdt-sticky=\"offset: 100;bottom: .hero;overflow-flip: true\" class=\"bdt-sticky elementor-element elementor-element-8e5a0f7 e-con-full e-flex e-con e-child\" data-id=\"8e5a0f7\" data-element_type=\"container\">\n\t\t<div class=\"elementor-element elementor-element-a8e7473 e-con-full e-flex e-con e-child\" data-id=\"a8e7473\" data-element_type=\"container\">\n\t\t<div class=\"elementor-element elementor-element-c2563dc e-con-full e-flex elementor-invisible e-con e-child\" data-id=\"c2563dc\" data-element_type=\"container\" data-settings=\"{&quot;background_background&quot;:&quot;classic&quot;,&quot;animation&quot;:&quot;fadeInUp&quot;}\">\n\t\t<div class=\"elementor-element elementor-element-2691249 e-con-full e-flex e-con e-child\" data-id=\"2691249\" data-element_type=\"container\">\n\t\t<div class=\"elementor-element elementor-element-bbfbccb e-con-full e-flex e-con e-child\" data-id=\"bbfbccb\" data-element_type=\"container\" data-settings=\"{&quot;background_background&quot;:&quot;classic&quot;}\">\n\t\t\t\t<div class=\"elementor-element elementor-element-ffd37cc elementor-widget__width-inherit elementor-widget elementor-widget-heading\" data-id=\"ffd37cc\" data-element_type=\"widget\" data-widget_type=\"heading.default\">\n\t\t\t\t<div class=\"elementor-widget-container\">\n\t\t\t\t\t<h2 class=\"elementor-heading-title elementor-size-default\">instagram<\/h2>\t\t\t\t<\/div>\n\t\t\t\t<\/div>\n\t\t\t\t<\/div>\n\t\t\t\t<\/div>\n\t\t\t\t<\/div>\n\t\t<div class=\"elementor-element elementor-element-4849141 e-con-full e-flex elementor-invisible e-con e-child\" data-id=\"4849141\" data-element_type=\"container\" data-settings=\"{&quot;background_background&quot;:&quot;classic&quot;,&quot;animation_delay&quot;:300,&quot;animation&quot;:&quot;fadeInUp&quot;}\">\n\t\t<div class=\"elementor-element elementor-element-386dcd1 e-con-full e-flex e-con e-child\" data-id=\"386dcd1\" data-element_type=\"container\">\n\t\t<div class=\"elementor-element elementor-element-6e08263 e-con-full e-flex e-con e-child\" data-id=\"6e08263\" data-element_type=\"container\" data-settings=\"{&quot;background_background&quot;:&quot;classic&quot;}\">\n\t\t\t\t<div class=\"elementor-element elementor-element-f760bf4 elementor-widget__width-inherit elementor-widget elementor-widget-heading\" data-id=\"f760bf4\" data-element_type=\"widget\" data-widget_type=\"heading.default\">\n\t\t\t\t<div class=\"elementor-widget-container\">\n\t\t\t\t\t<h2 class=\"elementor-heading-title elementor-size-default\">case<\/h2>\t\t\t\t<\/div>\n\t\t\t\t<\/div>\n\t\t\t\t<\/div>\n\t\t\t\t<\/div>\n\t\t\t\t<\/div>\n\t\t\t\t<\/div>\n\t\t<div class=\"elementor-element elementor-element-5d6c078 e-con-full elementor-hidden-tablet elementor-hidden-mobile e-flex elementor-invisible e-con e-child\" data-id=\"5d6c078\" data-element_type=\"container\" data-settings=\"{&quot;background_background&quot;:&quot;classic&quot;,&quot;animation_delay&quot;:150,&quot;animation&quot;:&quot;fadeInUp&quot;}\">\n\t\t\t\t<\/div>\n\t\t\t\t<\/div>\n\t\t\t\t<\/div>\n\t\t\t\t<\/div>\n\t\t\t\t<\/div>","protected":false},"excerpt":{"rendered":"<p>Services Design Marketing Prospection Nos services Prospection Assets de conversion Les assets de conversion sont des supports strat\u00e9giques comme des landing pages [&hellip;]<\/p>","protected":false},"author":1,"featured_media":0,"parent":0,"menu_order":0,"comment_status":"closed","ping_status":"closed","template":"","meta":{"footnotes":""},"class_list":["post-2768","page","type-page","status-publish","hentry"],"yoast_head":"<!-- This site is optimized with the Yoast SEO plugin v25.8 - https:\/\/yoast.com\/wordpress\/plugins\/seo\/ -->\n<title>Strat\u00e9gie de prospection B2B - G\u00e9n\u00e9ration de leads | Market&amp;co<\/title>\n<meta name=\"description\" content=\"Boostez votre prospection B2B : leads qualifi\u00e9s, CRM optimis\u00e9, assets de conversion. Attirez, engagez et convertissez avec Market&amp;co.\" \/>\n<meta name=\"robots\" content=\"index, follow, max-snippet:-1, max-image-preview:large, max-video-preview:-1\" \/>\n<link rel=\"canonical\" href=\"https:\/\/marketandco.fr\/en\/prospection\/\" \/>\n<meta property=\"og:locale\" content=\"en_US\" \/>\n<meta property=\"og:type\" content=\"article\" \/>\n<meta property=\"og:title\" content=\"Strat\u00e9gie de prospection B2B - G\u00e9n\u00e9ration de leads | Market&amp;co\" \/>\n<meta property=\"og:description\" content=\"Boostez votre prospection B2B : leads qualifi\u00e9s, CRM optimis\u00e9, assets de conversion. Attirez, engagez et convertissez avec Market&amp;co.\" \/>\n<meta property=\"og:url\" content=\"https:\/\/marketandco.fr\/en\/prospection\/\" \/>\n<meta property=\"og:site_name\" content=\"Market&amp;Co\" \/>\n<meta property=\"article:modified_time\" content=\"2025-05-22T14:12:52+00:00\" \/>\n<meta name=\"twitter:card\" content=\"summary_large_image\" \/>\n<meta name=\"twitter:label1\" content=\"Est. reading time\" \/>\n\t<meta name=\"twitter:data1\" content=\"1 minute\" \/>\n<script type=\"application\/ld+json\" class=\"yoast-schema-graph\">{\"@context\":\"https:\/\/schema.org\",\"@graph\":[{\"@type\":\"WebPage\",\"@id\":\"https:\/\/marketandco.fr\/prospection\/\",\"url\":\"https:\/\/marketandco.fr\/prospection\/\",\"name\":\"Strat\u00e9gie de prospection B2B - G\u00e9n\u00e9ration de leads | Market&co\",\"isPartOf\":{\"@id\":\"https:\/\/marketandco.fr\/#website\"},\"datePublished\":\"2025-04-04T12:30:49+00:00\",\"dateModified\":\"2025-05-22T14:12:52+00:00\",\"description\":\"Boostez votre prospection B2B : leads qualifi\u00e9s, CRM optimis\u00e9, assets de conversion. Attirez, engagez et convertissez avec Market&co.\",\"breadcrumb\":{\"@id\":\"https:\/\/marketandco.fr\/prospection\/#breadcrumb\"},\"inLanguage\":\"en-US\",\"potentialAction\":[{\"@type\":\"ReadAction\",\"target\":[\"https:\/\/marketandco.fr\/prospection\/\"]}]},{\"@type\":\"BreadcrumbList\",\"@id\":\"https:\/\/marketandco.fr\/prospection\/#breadcrumb\",\"itemListElement\":[{\"@type\":\"ListItem\",\"position\":1,\"name\":\"Accueil\",\"item\":\"https:\/\/marketandco.fr\/\"},{\"@type\":\"ListItem\",\"position\":2,\"name\":\"Prospection\"}]},{\"@type\":\"WebSite\",\"@id\":\"https:\/\/marketandco.fr\/#website\",\"url\":\"https:\/\/marketandco.fr\/\",\"name\":\"Market&amp;Co\",\"description\":\"Agence de Prospection Digitale\",\"potentialAction\":[{\"@type\":\"SearchAction\",\"target\":{\"@type\":\"EntryPoint\",\"urlTemplate\":\"https:\/\/marketandco.fr\/?s={search_term_string}\"},\"query-input\":{\"@type\":\"PropertyValueSpecification\",\"valueRequired\":true,\"valueName\":\"search_term_string\"}}],\"inLanguage\":\"en-US\"}]}<\/script>\n<!-- \/ Yoast SEO plugin. -->","yoast_head_json":{"title":"Strat\u00e9gie de prospection B2B - G\u00e9n\u00e9ration de leads | Market&co","description":"Boostez votre prospection B2B : leads qualifi\u00e9s, CRM optimis\u00e9, assets de conversion. Attirez, engagez et convertissez avec Market&co.","robots":{"index":"index","follow":"follow","max-snippet":"max-snippet:-1","max-image-preview":"max-image-preview:large","max-video-preview":"max-video-preview:-1"},"canonical":"https:\/\/marketandco.fr\/en\/prospection\/","og_locale":"en_US","og_type":"article","og_title":"Strat\u00e9gie de prospection B2B - G\u00e9n\u00e9ration de leads | Market&co","og_description":"Boostez votre prospection B2B : leads qualifi\u00e9s, CRM optimis\u00e9, assets de conversion. Attirez, engagez et convertissez avec Market&co.","og_url":"https:\/\/marketandco.fr\/en\/prospection\/","og_site_name":"Market&amp;Co","article_modified_time":"2025-05-22T14:12:52+00:00","twitter_card":"summary_large_image","twitter_misc":{"Est. reading time":"1 minute"},"schema":{"@context":"https:\/\/schema.org","@graph":[{"@type":"WebPage","@id":"https:\/\/marketandco.fr\/prospection\/","url":"https:\/\/marketandco.fr\/prospection\/","name":"Strat\u00e9gie de prospection B2B - G\u00e9n\u00e9ration de leads | Market&co","isPartOf":{"@id":"https:\/\/marketandco.fr\/#website"},"datePublished":"2025-04-04T12:30:49+00:00","dateModified":"2025-05-22T14:12:52+00:00","description":"Boostez votre prospection B2B : leads qualifi\u00e9s, CRM optimis\u00e9, assets de conversion. Attirez, engagez et convertissez avec Market&co.","breadcrumb":{"@id":"https:\/\/marketandco.fr\/prospection\/#breadcrumb"},"inLanguage":"en-US","potentialAction":[{"@type":"ReadAction","target":["https:\/\/marketandco.fr\/prospection\/"]}]},{"@type":"BreadcrumbList","@id":"https:\/\/marketandco.fr\/prospection\/#breadcrumb","itemListElement":[{"@type":"ListItem","position":1,"name":"Accueil","item":"https:\/\/marketandco.fr\/"},{"@type":"ListItem","position":2,"name":"Prospection"}]},{"@type":"WebSite","@id":"https:\/\/marketandco.fr\/#website","url":"https:\/\/marketandco.fr\/","name":"Market&amp;Co","description":"Agence de Prospection Digitale","potentialAction":[{"@type":"SearchAction","target":{"@type":"EntryPoint","urlTemplate":"https:\/\/marketandco.fr\/?s={search_term_string}"},"query-input":{"@type":"PropertyValueSpecification","valueRequired":true,"valueName":"search_term_string"}}],"inLanguage":"en-US"}]}},"_links":{"self":[{"href":"https:\/\/marketandco.fr\/en\/wp-json\/wp\/v2\/pages\/2768","targetHints":{"allow":["GET"]}}],"collection":[{"href":"https:\/\/marketandco.fr\/en\/wp-json\/wp\/v2\/pages"}],"about":[{"href":"https:\/\/marketandco.fr\/en\/wp-json\/wp\/v2\/types\/page"}],"author":[{"embeddable":true,"href":"https:\/\/marketandco.fr\/en\/wp-json\/wp\/v2\/users\/1"}],"replies":[{"embeddable":true,"href":"https:\/\/marketandco.fr\/en\/wp-json\/wp\/v2\/comments?post=2768"}],"version-history":[{"count":159,"href":"https:\/\/marketandco.fr\/en\/wp-json\/wp\/v2\/pages\/2768\/revisions"}],"predecessor-version":[{"id":4487,"href":"https:\/\/marketandco.fr\/en\/wp-json\/wp\/v2\/pages\/2768\/revisions\/4487"}],"wp:attachment":[{"href":"https:\/\/marketandco.fr\/en\/wp-json\/wp\/v2\/media?parent=2768"}],"curies":[{"name":"wp","href":"https:\/\/api.w.org\/{rel}","templated":true}]}}