{"id":2298,"date":"2025-04-04T10:36:52","date_gmt":"2025-04-04T08:36:52","guid":{"rendered":"https:\/\/marketandco.fr\/?page_id=2298"},"modified":"2025-05-20T10:19:40","modified_gmt":"2025-05-20T08:19:40","slug":"design","status":"publish","type":"page","link":"https:\/\/marketandco.fr\/en\/design\/","title":{"rendered":"Design"},"content":{"rendered":"<div data-elementor-type=\"wp-page\" data-elementor-id=\"2298\" class=\"elementor elementor-2298\">\n\t\t\t\t<div class=\"elementor-element elementor-element-89cbc55 e-con-full e-flex e-con e-parent\" data-id=\"89cbc55\" data-element_type=\"container\" data-settings=\"{&quot;background_background&quot;:&quot;classic&quot;}\">\n\t\t<div class=\"elementor-element elementor-element-610c94e e-con-full e-flex e-con e-child\" data-id=\"610c94e\" data-element_type=\"container\">\n\t\t<div class=\"elementor-element elementor-element-a599e09 e-con-full elementor-hidden-tablet elementor-hidden-mobile e-flex e-con e-child\" data-id=\"a599e09\" data-element_type=\"container\">\n\t\t\t\t<div class=\"elementor-element elementor-element-87f2328 elementor-invisible elementor-widget elementor-widget-button\" data-id=\"87f2328\" data-element_type=\"widget\" data-settings=\"{&quot;_animation&quot;:&quot;fadeInLeft&quot;}\" data-widget_type=\"button.default\">\n\t\t\t\t<div class=\"elementor-widget-container\">\n\t\t\t\t\t\t\t\t\t<div class=\"elementor-button-wrapper\">\n\t\t\t\t\t<a class=\"elementor-button elementor-button-link elementor-size-sm\" href=\"https:\/\/marketandco.fr\/en\/services\/\">\n\t\t\t\t\t\t<span class=\"elementor-button-content-wrapper\">\n\t\t\t\t\t\t\t\t\t<span class=\"elementor-button-text\">Services<\/span>\n\t\t\t\t\t<\/span>\n\t\t\t\t\t<\/a>\n\t\t\t\t<\/div>\n\t\t\t\t\t\t\t\t<\/div>\n\t\t\t\t<\/div>\n\t\t\t\t<div class=\"elementor-element elementor-element-645a668 elementor-invisible elementor-widget elementor-widget-button\" data-id=\"645a668\" data-element_type=\"widget\" data-settings=\"{&quot;_animation_delay&quot;:50,&quot;_animation&quot;:&quot;fadeInLeft&quot;}\" data-widget_type=\"button.default\">\n\t\t\t\t<div class=\"elementor-widget-container\">\n\t\t\t\t\t\t\t\t\t<div class=\"elementor-button-wrapper\">\n\t\t\t\t\t<a class=\"elementor-button elementor-size-sm\" role=\"button\">\n\t\t\t\t\t\t<span class=\"elementor-button-content-wrapper\">\n\t\t\t\t\t\t\t\t\t<span class=\"elementor-button-text\">Design<\/span>\n\t\t\t\t\t<\/span>\n\t\t\t\t\t<\/a>\n\t\t\t\t<\/div>\n\t\t\t\t\t\t\t\t<\/div>\n\t\t\t\t<\/div>\n\t\t\t\t<div class=\"elementor-element elementor-element-164859e elementor-invisible elementor-widget elementor-widget-button\" data-id=\"164859e\" data-element_type=\"widget\" data-settings=\"{&quot;_animation_delay&quot;:100,&quot;_animation&quot;:&quot;fadeInLeft&quot;}\" data-widget_type=\"button.default\">\n\t\t\t\t<div class=\"elementor-widget-container\">\n\t\t\t\t\t\t\t\t\t<div class=\"elementor-button-wrapper\">\n\t\t\t\t\t<a class=\"elementor-button elementor-button-link elementor-size-sm\" href=\"https:\/\/marketandco.fr\/en\/marketing\/\">\n\t\t\t\t\t\t<span class=\"elementor-button-content-wrapper\">\n\t\t\t\t\t\t\t\t\t<span class=\"elementor-button-text\">Marketing<\/span>\n\t\t\t\t\t<\/span>\n\t\t\t\t\t<\/a>\n\t\t\t\t<\/div>\n\t\t\t\t\t\t\t\t<\/div>\n\t\t\t\t<\/div>\n\t\t\t\t<div class=\"elementor-element elementor-element-6b574e3 elementor-invisible elementor-widget elementor-widget-button\" data-id=\"6b574e3\" data-element_type=\"widget\" data-settings=\"{&quot;_animation_delay&quot;:200,&quot;_animation&quot;:&quot;fadeInLeft&quot;}\" data-widget_type=\"button.default\">\n\t\t\t\t<div class=\"elementor-widget-container\">\n\t\t\t\t\t\t\t\t\t<div class=\"elementor-button-wrapper\">\n\t\t\t\t\t<a class=\"elementor-button elementor-button-link elementor-size-sm\" href=\"https:\/\/marketandco.fr\/en\/prospection\/\">\n\t\t\t\t\t\t<span class=\"elementor-button-content-wrapper\">\n\t\t\t\t\t\t\t\t\t<span class=\"elementor-button-text\">Prospecting<\/span>\n\t\t\t\t\t<\/span>\n\t\t\t\t\t<\/a>\n\t\t\t\t<\/div>\n\t\t\t\t\t\t\t\t<\/div>\n\t\t\t\t<\/div>\n\t\t\t\t<\/div>\n\t\t<div class=\"elementor-element elementor-element-83b967f e-con-full e-flex e-con e-child\" data-id=\"83b967f\" data-element_type=\"container\">\n\t\t<div class=\"elementor-element elementor-element-2f95118 e-con-full e-flex elementor-invisible e-con e-child\" data-id=\"2f95118\" data-element_type=\"container\" data-settings=\"{&quot;animation&quot;:&quot;fadeInUp&quot;}\">\n\t\t\t\t<div class=\"elementor-element elementor-element-19d1db6 elementor-widget elementor-widget-heading\" data-id=\"19d1db6\" data-element_type=\"widget\" data-widget_type=\"heading.default\">\n\t\t\t\t<div class=\"elementor-widget-container\">\n\t\t\t\t\t<h2 class=\"elementor-heading-title elementor-size-default\">Our services<\/h2>\t\t\t\t<\/div>\n\t\t\t\t<\/div>\n\t\t\t\t<div class=\"elementor-element elementor-element-cbeeedf icon elementor-view-default elementor-widget elementor-widget-icon\" data-id=\"cbeeedf\" data-element_type=\"widget\" data-widget_type=\"icon.default\">\n\t\t\t\t<div class=\"elementor-widget-container\">\n\t\t\t\t\t\t\t<div class=\"elementor-icon-wrapper\">\n\t\t\t<div class=\"elementor-icon\">\n\t\t\t<svg xmlns=\"http:\/\/www.w3.org\/2000\/svg\" width=\"257\" height=\"203\" viewbox=\"0 0 257 203\" fill=\"none\"><path d=\"M0 194.561C0 142.971 42.9311 101.151 95.8933 101.151L256.938 101.151C167.569 115.529 138.605 158.096 121.704 202.313L7.95739 202.313C2.65246 202.313 0 199.729 0 194.561Z\" fill=\"#B7B7B7\"><\/path><path d=\"M-3.38462e-07 7.74311C-2.59356e-06 59.3337 42.9311 101.153 95.8933 101.153L256.938 101.153C167.569 86.7753 138.605 44.2088 121.704 -5.31986e-06L7.95739 -3.47828e-07C2.65246 -1.15943e-07 -1.1294e-07 2.58377 -3.38821e-07 7.75132L-3.38462e-07 7.74311Z\" fill=\"#B7B7B7\"><\/path><\/svg>\t\t\t<\/div>\n\t\t<\/div>\n\t\t\t\t\t\t<\/div>\n\t\t\t\t<\/div>\n\t\t\t\t<\/div>\n\t\t\t\t<div class=\"elementor-element elementor-element-1f1cbe5 elementor-invisible elementor-widget elementor-widget-highlighted-text\" data-id=\"1f1cbe5\" data-element_type=\"widget\" data-settings=\"{&quot;_animation&quot;:&quot;fadeInUp&quot;}\" data-widget_type=\"highlighted-text.default\">\n\t\t\t\t<div class=\"elementor-widget-container\">\n\t\t\t\t\t        <h2 class=\"ui-e--highlighted-text\">\n            <span class=\"ui-e-headline-text elementor-repeater-item-d46b67b\">Design<\/span>        <\/h2>\n    \t\t\t\t<\/div>\n\t\t\t\t<\/div>\n\t\t\t\t<div class=\"elementor-element elementor-element-2c8f06f elementor-align-center elementor-invisible elementor-widget elementor-widget-bdt-advanced-button\" data-id=\"2c8f06f\" data-element_type=\"widget\" data-settings=\"{&quot;_animation_delay&quot;:150,&quot;_animation&quot;:&quot;fadeInUp&quot;}\" data-widget_type=\"bdt-advanced-button.default\">\n\t\t\t\t<div class=\"elementor-widget-container\">\n\t\t\t\t\t\t\t<div class=\"bdt-ep-button-wrapper\">\n\t\t\t<a href=\"https:\/\/levelstudio.fr\/en\/\" class=\"bdt-ep-button bdt-ep-button-effect-a bdt-ep-button-size-lg\">\n\t\t\t\t\t\t<div class=\"bdt-ep-button-content-wrapper bdt-flex bdt-flex-middle bdt-flex-center\" data-text=\"D\u00e9couvrez le studio\">\n\t\t\t\t\t\t\t<div class=\"bdt-ep-button-icon bdt-flex-center bdt-flex-align-right\">\n\t\t\t\t\t<div class=\"bdt-ep-button-icon-inner\">\n\n\t\t\t\t\t\t<svg xmlns=\"http:\/\/www.w3.org\/2000\/svg\" width=\"552\" height=\"552\" viewbox=\"0 0 552 552\" fill=\"none\"><circle cx=\"276\" cy=\"276\" r=\"276\" fill=\"url(#paint0_linear_244_510)\"><\/circle><path d=\"M376.363 175.636V376.363H175.636\" stroke=\"#1C1C1C\" stroke-width=\"35\" stroke-miterlimit=\"10\" stroke-linecap=\"round\"><\/path><path d=\"M188.01 163.262C181.176 156.427 170.096 156.427 163.261 163.262C156.427 170.096 156.427 181.176 163.261 188.01L188.01 163.262ZM163.261 188.01L363.989 388.738L388.737 363.989L188.01 163.262L163.261 188.01Z\" fill=\"#1C1C1C\"><\/path><defs><lineargradient id=\"paint0_linear_244_510\" x1=\"263.679\" y1=\"2270.73\" x2=\"263.679\" y2=\"3.2426e-06\" gradientunits=\"userSpaceOnUse\"><stop stop-color=\"#0D0D0E\"><\/stop><stop offset=\"0.925\" stop-color=\"#F7F7F7\"><\/stop><\/lineargradient><\/defs><\/svg>\n\t\t\t\t\t<\/div>\n\t\t\t\t<\/div>\n\t\t\t\n\t\t\t<div class=\"bdt-ep-button-text\">\n\n\t\t\t\t<span class=\"avdbtn-text\">\n\t\t\t\t\tDiscover the studio\t\t\t\t<\/span>\n\n\t\t\t\t\t\t\t<\/div>\n\n\t\t\t\n\t\t<\/div>\n\t\t\t\t\t<\/a>\n\t\t<\/div>\n\t\t\t\t\t\t<\/div>\n\t\t\t\t<\/div>\n\t\t\t\t<div class=\"elementor-element elementor-element-f0e3759 elementor-widget-mobile__width-initial elementor-invisible elementor-widget elementor-widget-heading\" data-id=\"f0e3759\" data-element_type=\"widget\" data-settings=\"{&quot;_animation_delay&quot;:300,&quot;_animation&quot;:&quot;fadeInUp&quot;}\" data-widget_type=\"heading.default\">\n\t\t\t\t<div class=\"elementor-widget-container\">\n\t\t\t\t\t<h2 class=\"elementor-heading-title elementor-size-default\">A true driver of differentiation for your business.\nMore than just a creative space, a design studio crafts a striking visual identity, designs seamless interfaces, and builds immersive experiences that engage your audience and elevate your brand.<br><br>In a saturated market, image is everything.\nStrong design enhances your credibility, increases customer engagement, and boosts performance.\nWith a strategic and creative approach, your brand gains impact, recognition, and perceived value.<\/h2>\t\t\t\t<\/div>\n\t\t\t\t<\/div>\n\t\t\t\t<\/div>\n\t\t<div class=\"elementor-element elementor-element-47ca7d7 e-con-full elementor-hidden-desktop e-flex e-con e-child\" data-id=\"47ca7d7\" data-element_type=\"container\">\n\t\t\t\t<div class=\"elementor-element elementor-element-109ae0c elementor-widget elementor-widget-button\" data-id=\"109ae0c\" data-element_type=\"widget\" data-widget_type=\"button.default\">\n\t\t\t\t<div class=\"elementor-widget-container\">\n\t\t\t\t\t\t\t\t\t<div class=\"elementor-button-wrapper\">\n\t\t\t\t\t<a class=\"elementor-button elementor-button-link elementor-size-sm\" href=\"https:\/\/marketandco.fr\/en\/services\/\">\n\t\t\t\t\t\t<span class=\"elementor-button-content-wrapper\">\n\t\t\t\t\t\t\t\t\t<span class=\"elementor-button-text\">Services<\/span>\n\t\t\t\t\t<\/span>\n\t\t\t\t\t<\/a>\n\t\t\t\t<\/div>\n\t\t\t\t\t\t\t\t<\/div>\n\t\t\t\t<\/div>\n\t\t\t\t<div class=\"elementor-element elementor-element-e3a6b36 elementor-widget elementor-widget-button\" data-id=\"e3a6b36\" data-element_type=\"widget\" data-widget_type=\"button.default\">\n\t\t\t\t<div class=\"elementor-widget-container\">\n\t\t\t\t\t\t\t\t\t<div class=\"elementor-button-wrapper\">\n\t\t\t\t\t<a class=\"elementor-button elementor-button-link elementor-size-sm\" href=\"https:\/\/marketandco.fr\/en\/marketing\/\">\n\t\t\t\t\t\t<span class=\"elementor-button-content-wrapper\">\n\t\t\t\t\t\t\t\t\t<span class=\"elementor-button-text\">Marketing<\/span>\n\t\t\t\t\t<\/span>\n\t\t\t\t\t<\/a>\n\t\t\t\t<\/div>\n\t\t\t\t\t\t\t\t<\/div>\n\t\t\t\t<\/div>\n\t\t\t\t<div class=\"elementor-element elementor-element-d5e9384 elementor-widget elementor-widget-button\" data-id=\"d5e9384\" data-element_type=\"widget\" data-widget_type=\"button.default\">\n\t\t\t\t<div class=\"elementor-widget-container\">\n\t\t\t\t\t\t\t\t\t<div class=\"elementor-button-wrapper\">\n\t\t\t\t\t<a class=\"elementor-button elementor-button-link elementor-size-sm\" href=\"https:\/\/marketandco.fr\/en\/prospection\/\">\n\t\t\t\t\t\t<span class=\"elementor-button-content-wrapper\">\n\t\t\t\t\t\t\t\t\t<span class=\"elementor-button-text\">Prospecting<\/span>\n\t\t\t\t\t<\/span>\n\t\t\t\t\t<\/a>\n\t\t\t\t<\/div>\n\t\t\t\t\t\t\t\t<\/div>\n\t\t\t\t<\/div>\n\t\t\t\t<\/div>\n\t\t\t\t<\/div>\n\t\t<div class=\"elementor-element elementor-element-4c858dc e-con-full e-flex e-con e-child\" data-id=\"4c858dc\" data-element_type=\"container\">\n\t\t<div class=\"elementor-element elementor-element-6347b92 e-con-full e-flex e-con e-child\" data-id=\"6347b92\" data-element_type=\"container\">\n\t\t<div data-ep-wrapper-link=\"{&quot;url&quot;:&quot;https:\\\/\\\/levelstudio.fr\\\/&quot;,&quot;is_external&quot;:&quot;&quot;,&quot;nofollow&quot;:&quot;&quot;,&quot;custom_attributes&quot;:&quot;&quot;}\" style=\"cursor: pointer\" class=\"bdt-element-link elementor-element elementor-element-c49dfdf e-con-full elementor-hidden-tablet elementor-hidden-mobile e-flex elementor-invisible e-con e-child\" data-id=\"c49dfdf\" data-element_type=\"container\" data-settings=\"{&quot;background_background&quot;:&quot;classic&quot;,&quot;animation&quot;:&quot;fadeInUp&quot;}\">\n\t\t\t\t<\/div>\n\t\t<div class=\"elementor-element elementor-element-e2d14d7 e-con-full e-flex e-con e-child\" data-id=\"e2d14d7\" data-element_type=\"container\">\n\t\t<div data-ep-wrapper-link=\"{&quot;url&quot;:&quot;https:\\\/\\\/levelstudio.fr\\\/&quot;,&quot;is_external&quot;:&quot;&quot;,&quot;nofollow&quot;:&quot;&quot;,&quot;custom_attributes&quot;:&quot;&quot;}\" style=\"cursor: pointer\" class=\"bdt-element-link elementor-element elementor-element-87636e0 e-con-full e-flex elementor-invisible e-con e-child\" data-id=\"87636e0\" data-element_type=\"container\" data-settings=\"{&quot;background_background&quot;:&quot;classic&quot;,&quot;animation_delay&quot;:150,&quot;animation&quot;:&quot;fadeInUp&quot;}\">\n\t\t<div class=\"elementor-element elementor-element-b5345eb e-con-full e-flex e-con e-child\" data-id=\"b5345eb\" data-element_type=\"container\">\n\t\t<div class=\"elementor-element elementor-element-f9731b3 e-con-full e-flex e-con e-child\" data-id=\"f9731b3\" data-element_type=\"container\" data-settings=\"{&quot;background_background&quot;:&quot;classic&quot;}\">\n\t\t\t\t<div class=\"elementor-element elementor-element-e6fbe15 elementor-widget__width-inherit elementor-widget elementor-widget-heading\" data-id=\"e6fbe15\" data-element_type=\"widget\" data-widget_type=\"heading.default\">\n\t\t\t\t<div class=\"elementor-widget-container\">\n\t\t\t\t\t<h2 class=\"elementor-heading-title elementor-size-default\">studio<\/h2>\t\t\t\t<\/div>\n\t\t\t\t<\/div>\n\t\t\t\t<\/div>\n\t\t\t\t<\/div>\n\t\t\t\t<\/div>\n\t\t<div data-ep-wrapper-link=\"{&quot;url&quot;:&quot;https:\\\/\\\/www.instagram.com\\\/levelstudio.fr\\\/&quot;,&quot;is_external&quot;:&quot;&quot;,&quot;nofollow&quot;:&quot;&quot;,&quot;custom_attributes&quot;:&quot;&quot;}\" style=\"cursor: pointer\" class=\"bdt-element-link elementor-element elementor-element-890056a e-con-full e-flex elementor-invisible e-con e-child\" data-id=\"890056a\" data-element_type=\"container\" data-settings=\"{&quot;background_background&quot;:&quot;classic&quot;,&quot;animation_delay&quot;:300,&quot;animation&quot;:&quot;fadeInUp&quot;}\">\n\t\t<div class=\"elementor-element elementor-element-ffff712 e-con-full e-flex e-con e-child\" data-id=\"ffff712\" data-element_type=\"container\">\n\t\t<div class=\"elementor-element elementor-element-85c9611 e-con-full e-flex e-con e-child\" data-id=\"85c9611\" data-element_type=\"container\" data-settings=\"{&quot;background_background&quot;:&quot;classic&quot;}\">\n\t\t\t\t<div class=\"elementor-element elementor-element-75cbf01 elementor-widget__width-inherit elementor-widget elementor-widget-heading\" data-id=\"75cbf01\" data-element_type=\"widget\" data-widget_type=\"heading.default\">\n\t\t\t\t<div class=\"elementor-widget-container\">\n\t\t\t\t\t<h2 class=\"elementor-heading-title elementor-size-default\">case<\/h2>\t\t\t\t<\/div>\n\t\t\t\t<\/div>\n\t\t\t\t<\/div>\n\t\t\t\t<\/div>\n\t\t\t\t<\/div>\n\t\t\t\t<\/div>\n\t\t\t\t<\/div>\n\t\t<div data-ep-wrapper-link=\"{&quot;url&quot;:&quot;https:\\\/\\\/marketandco.fr\\\/design\\\/&quot;,&quot;is_external&quot;:&quot;&quot;,&quot;nofollow&quot;:&quot;&quot;,&quot;custom_attributes&quot;:&quot;&quot;}\" style=\"cursor: pointer\" class=\"bdt-element-link elementor-element elementor-element-05d78ed e-con-full e-transform e-flex elementor-invisible e-con e-child\" data-id=\"05d78ed\" data-element_type=\"container\" data-settings=\"{&quot;background_background&quot;:&quot;classic&quot;,&quot;animation&quot;:&quot;fadeInDown&quot;,&quot;_transform_scale_effect_hover&quot;:{&quot;unit&quot;:&quot;px&quot;,&quot;size&quot;:1.01,&quot;sizes&quot;:[]},&quot;_transform_scale_effect_hover_tablet&quot;:{&quot;unit&quot;:&quot;px&quot;,&quot;size&quot;:&quot;&quot;,&quot;sizes&quot;:[]},&quot;_transform_scale_effect_hover_mobile&quot;:{&quot;unit&quot;:&quot;px&quot;,&quot;size&quot;:&quot;&quot;,&quot;sizes&quot;:[]}}\">\n\t\t\t\t<\/div>\n\t\t\t\t<\/div>\n\t\t\t\t<\/div>\n\t\t\t\t<\/div>","protected":false},"excerpt":{"rendered":"<p>Services Design Marketing Prospection Nos services &nbsp; Design D\u00e9couvrez le studio Un v\u00e9ritable levier de diff\u00e9renciation pour votre entreprise. Bien plus qu\u2019un [&hellip;]<\/p>","protected":false},"author":1,"featured_media":0,"parent":0,"menu_order":0,"comment_status":"closed","ping_status":"closed","template":"","meta":{"footnotes":""},"class_list":["post-2298","page","type-page","status-publish","hentry"],"yoast_head":"<!-- This site is optimized with the Yoast SEO plugin v25.8 - https:\/\/yoast.com\/wordpress\/plugins\/seo\/ -->\n<title>Studio de design branding - Identit\u00e9 &amp; UX design | Market&amp;co<\/title>\n<meta name=\"description\" content=\"Cr\u00e9ez une identit\u00e9 visuelle unique avec Level design : branding, UI\/UX, exp\u00e9riences immersives pour booster la notori\u00e9t\u00e9 de votre entreprise.\" \/>\n<meta name=\"robots\" content=\"index, follow, max-snippet:-1, max-image-preview:large, max-video-preview:-1\" \/>\n<link rel=\"canonical\" href=\"https:\/\/marketandco.fr\/en\/design\/\" \/>\n<meta property=\"og:locale\" content=\"en_US\" \/>\n<meta property=\"og:type\" content=\"article\" \/>\n<meta property=\"og:title\" content=\"Studio de design branding - Identit\u00e9 &amp; UX design | Market&amp;co\" \/>\n<meta property=\"og:description\" content=\"Cr\u00e9ez une identit\u00e9 visuelle unique avec Level design : branding, UI\/UX, exp\u00e9riences immersives pour booster la notori\u00e9t\u00e9 de votre entreprise.\" \/>\n<meta property=\"og:url\" content=\"https:\/\/marketandco.fr\/en\/design\/\" \/>\n<meta property=\"og:site_name\" content=\"Market&amp;Co\" \/>\n<meta property=\"article:modified_time\" content=\"2025-05-20T08:19:40+00:00\" \/>\n<meta name=\"twitter:card\" content=\"summary_large_image\" \/>\n<meta name=\"twitter:label1\" content=\"Est. reading time\" \/>\n\t<meta name=\"twitter:data1\" content=\"1 minute\" \/>\n<script type=\"application\/ld+json\" class=\"yoast-schema-graph\">{\"@context\":\"https:\/\/schema.org\",\"@graph\":[{\"@type\":\"WebPage\",\"@id\":\"https:\/\/marketandco.fr\/design\/\",\"url\":\"https:\/\/marketandco.fr\/design\/\",\"name\":\"Studio de design branding - Identit\u00e9 & UX design | Market&co\",\"isPartOf\":{\"@id\":\"https:\/\/marketandco.fr\/#website\"},\"datePublished\":\"2025-04-04T08:36:52+00:00\",\"dateModified\":\"2025-05-20T08:19:40+00:00\",\"description\":\"Cr\u00e9ez une identit\u00e9 visuelle unique avec Level design : branding, UI\/UX, exp\u00e9riences immersives pour booster la notori\u00e9t\u00e9 de votre entreprise.\",\"breadcrumb\":{\"@id\":\"https:\/\/marketandco.fr\/design\/#breadcrumb\"},\"inLanguage\":\"en-US\",\"potentialAction\":[{\"@type\":\"ReadAction\",\"target\":[\"https:\/\/marketandco.fr\/design\/\"]}]},{\"@type\":\"BreadcrumbList\",\"@id\":\"https:\/\/marketandco.fr\/design\/#breadcrumb\",\"itemListElement\":[{\"@type\":\"ListItem\",\"position\":1,\"name\":\"Accueil\",\"item\":\"https:\/\/marketandco.fr\/\"},{\"@type\":\"ListItem\",\"position\":2,\"name\":\"Design\"}]},{\"@type\":\"WebSite\",\"@id\":\"https:\/\/marketandco.fr\/#website\",\"url\":\"https:\/\/marketandco.fr\/\",\"name\":\"Market&amp;Co\",\"description\":\"Agence de Prospection Digitale\",\"potentialAction\":[{\"@type\":\"SearchAction\",\"target\":{\"@type\":\"EntryPoint\",\"urlTemplate\":\"https:\/\/marketandco.fr\/?s={search_term_string}\"},\"query-input\":{\"@type\":\"PropertyValueSpecification\",\"valueRequired\":true,\"valueName\":\"search_term_string\"}}],\"inLanguage\":\"en-US\"}]}<\/script>\n<!-- \/ Yoast SEO plugin. -->","yoast_head_json":{"title":"Studio de design branding - Identit\u00e9 & UX design | Market&co","description":"Cr\u00e9ez une identit\u00e9 visuelle unique avec Level design : branding, UI\/UX, exp\u00e9riences immersives pour booster la notori\u00e9t\u00e9 de votre entreprise.","robots":{"index":"index","follow":"follow","max-snippet":"max-snippet:-1","max-image-preview":"max-image-preview:large","max-video-preview":"max-video-preview:-1"},"canonical":"https:\/\/marketandco.fr\/en\/design\/","og_locale":"en_US","og_type":"article","og_title":"Studio de design branding - Identit\u00e9 & UX design | Market&co","og_description":"Cr\u00e9ez une identit\u00e9 visuelle unique avec Level design : branding, UI\/UX, exp\u00e9riences immersives pour booster la notori\u00e9t\u00e9 de votre entreprise.","og_url":"https:\/\/marketandco.fr\/en\/design\/","og_site_name":"Market&amp;Co","article_modified_time":"2025-05-20T08:19:40+00:00","twitter_card":"summary_large_image","twitter_misc":{"Est. reading time":"1 minute"},"schema":{"@context":"https:\/\/schema.org","@graph":[{"@type":"WebPage","@id":"https:\/\/marketandco.fr\/design\/","url":"https:\/\/marketandco.fr\/design\/","name":"Studio de design branding - Identit\u00e9 & UX design | Market&co","isPartOf":{"@id":"https:\/\/marketandco.fr\/#website"},"datePublished":"2025-04-04T08:36:52+00:00","dateModified":"2025-05-20T08:19:40+00:00","description":"Cr\u00e9ez une identit\u00e9 visuelle unique avec Level design : branding, UI\/UX, exp\u00e9riences immersives pour booster la notori\u00e9t\u00e9 de votre entreprise.","breadcrumb":{"@id":"https:\/\/marketandco.fr\/design\/#breadcrumb"},"inLanguage":"en-US","potentialAction":[{"@type":"ReadAction","target":["https:\/\/marketandco.fr\/design\/"]}]},{"@type":"BreadcrumbList","@id":"https:\/\/marketandco.fr\/design\/#breadcrumb","itemListElement":[{"@type":"ListItem","position":1,"name":"Accueil","item":"https:\/\/marketandco.fr\/"},{"@type":"ListItem","position":2,"name":"Design"}]},{"@type":"WebSite","@id":"https:\/\/marketandco.fr\/#website","url":"https:\/\/marketandco.fr\/","name":"Market&amp;Co","description":"Agence de Prospection Digitale","potentialAction":[{"@type":"SearchAction","target":{"@type":"EntryPoint","urlTemplate":"https:\/\/marketandco.fr\/?s={search_term_string}"},"query-input":{"@type":"PropertyValueSpecification","valueRequired":true,"valueName":"search_term_string"}}],"inLanguage":"en-US"}]}},"_links":{"self":[{"href":"https:\/\/marketandco.fr\/en\/wp-json\/wp\/v2\/pages\/2298","targetHints":{"allow":["GET"]}}],"collection":[{"href":"https:\/\/marketandco.fr\/en\/wp-json\/wp\/v2\/pages"}],"about":[{"href":"https:\/\/marketandco.fr\/en\/wp-json\/wp\/v2\/types\/page"}],"author":[{"embeddable":true,"href":"https:\/\/marketandco.fr\/en\/wp-json\/wp\/v2\/users\/1"}],"replies":[{"embeddable":true,"href":"https:\/\/marketandco.fr\/en\/wp-json\/wp\/v2\/comments?post=2298"}],"version-history":[{"count":385,"href":"https:\/\/marketandco.fr\/en\/wp-json\/wp\/v2\/pages\/2298\/revisions"}],"predecessor-version":[{"id":4395,"href":"https:\/\/marketandco.fr\/en\/wp-json\/wp\/v2\/pages\/2298\/revisions\/4395"}],"wp:attachment":[{"href":"https:\/\/marketandco.fr\/en\/wp-json\/wp\/v2\/media?parent=2298"}],"curies":[{"name":"wp","href":"https:\/\/api.w.org\/{rel}","templated":true}]}}